{"id":6686,"date":"2025-02-11T13:14:43","date_gmt":"2025-02-11T13:14:43","guid":{"rendered":"https:\/\/expo2025.unl.pt\/?page_id=6686"},"modified":"2025-03-31T09:32:32","modified_gmt":"2025-03-31T09:32:32","slug":"pavilhao-de-portugal","status":"publish","type":"page","link":"https:\/\/expo2025.unl.pt\/ja\/pavilhao-de-portugal\/","title":{"rendered":"\u30dd\u30eb\u30c8\u30ac\u30eb\u30fb\u30d1\u30d3\u30ea\u30aa\u30f3"},"content":{"rendered":"<div data-elementor-type=\"wp-page\" data-elementor-id=\"6686\" class=\"elementor elementor-6686\" data-elementor-post-type=\"page\">\n\t\t\t\t\t\t<section data-particle_enable=\"false\" data-particle-mobile-disabled=\"false\" class=\"elementor-section elementor-top-section elementor-element elementor-element-4e967db elementor-section-boxed elementor-section-height-default elementor-section-height-default\" data-id=\"4e967db\" data-element_type=\"section\">\n\t\t\t\t\t\t<div class=\"elementor-container elementor-column-gap-default\">\n\t\t\t\t\t<div class=\"elementor-column elementor-col-100 elementor-top-column elementor-element elementor-element-28c18d7\" data-id=\"28c18d7\" data-element_type=\"column\">\n\t\t\t<div class=\"elementor-widget-wrap elementor-element-populated\">\n\t\t\t\t\t\t<div class=\"elementor-element elementor-element-e9d66ba elementor-widget elementor-widget-image\" data-id=\"e9d66ba\" data-element_type=\"widget\" data-widget_type=\"image.default\">\n\t\t\t\t<div class=\"elementor-widget-container\">\n\t\t\t<style>\/*! elementor - v3.22.0 - 26-06-2024 *\/\n.elementor-widget-image{text-align:center}.elementor-widget-image a{display:inline-block}.elementor-widget-image a img[src$=\".svg\"]{width:48px}.elementor-widget-image img{vertical-align:middle;display:inline-block}<\/style>\t\t\t\t\t\t\t<figure class=\"wp-caption\">\n\t\t\t\t\t\t\t\t\t\t<img fetchpriority=\"high\" decoding=\"async\" width=\"800\" height=\"343\" src=\"https:\/\/expo2025.unl.pt\/wp-content\/uploads\/2025\/01\/pavilha-o_portugalexporta-1024x439.jpg\" class=\"attachment-large size-large wp-image-6479\" alt=\"\" srcset=\"https:\/\/expo2025.unl.pt\/wp-content\/uploads\/2025\/01\/pavilha-o_portugalexporta-1024x439.jpg 1024w, https:\/\/expo2025.unl.pt\/wp-content\/uploads\/2025\/01\/pavilha-o_portugalexporta-300x129.jpg 300w, https:\/\/expo2025.unl.pt\/wp-content\/uploads\/2025\/01\/pavilha-o_portugalexporta-768x329.jpg 768w, https:\/\/expo2025.unl.pt\/wp-content\/uploads\/2025\/01\/pavilha-o_portugalexporta-1536x658.jpg 1536w, https:\/\/expo2025.unl.pt\/wp-content\/uploads\/2025\/01\/pavilha-o_portugalexporta.jpg 1920w\" sizes=\"(max-width: 800px) 100vw, 800px\" \/>\t\t\t\t\t\t\t\t\t\t\t<figcaption class=\"widget-image-caption wp-caption-text\"><\/figcaption>\n\t\t\t\t\t\t\t\t\t\t<\/figure>\n\t\t\t\t\t\t\t<\/div>\n\t\t\t\t<\/div>\n\t\t\t\t\t<\/div>\n\t\t<\/div>\n\t\t\t\t\t<\/div>\n\t\t<\/section>\n\t\t\t\t<section data-particle_enable=\"false\" data-particle-mobile-disabled=\"false\" class=\"elementor-section elementor-top-section elementor-element elementor-element-1886835 elementor-section-boxed elementor-section-height-default elementor-section-height-default\" data-id=\"1886835\" data-element_type=\"section\">\n\t\t\t\t\t\t<div class=\"elementor-container elementor-column-gap-default\">\n\t\t\t\t\t<div class=\"elementor-column elementor-col-100 elementor-top-column elementor-element elementor-element-fa8f8f7\" data-id=\"fa8f8f7\" data-element_type=\"column\">\n\t\t\t<div class=\"elementor-widget-wrap elementor-element-populated\">\n\t\t\t\t\t\t<div class=\"elementor-element elementor-element-6a050f0 elementor-widget elementor-widget-heading\" data-id=\"6a050f0\" data-element_type=\"widget\" data-widget_type=\"heading.default\">\n\t\t\t\t<div class=\"elementor-widget-container\">\n\t\t\t<style>\/*! elementor - v3.22.0 - 26-06-2024 *\/\n.elementor-heading-title{padding:0;margin:0;line-height:1}.elementor-widget-heading .elementor-heading-title[class*=elementor-size-]>a{color:inherit;font-size:inherit;line-height:inherit}.elementor-widget-heading .elementor-heading-title.elementor-size-small{font-size:15px}.elementor-widget-heading .elementor-heading-title.elementor-size-medium{font-size:19px}.elementor-widget-heading .elementor-heading-title.elementor-size-large{font-size:29px}.elementor-widget-heading .elementor-heading-title.elementor-size-xl{font-size:39px}.elementor-widget-heading .elementor-heading-title.elementor-size-xxl{font-size:59px}<\/style><h1 class=\"elementor-heading-title elementor-size-default\">\u30dd\u30eb\u30c8\u30ac\u30eb\u30fb\u30d1\u30d3\u30ea\u30aa\u30f3<\/h1>\t\t<\/div>\n\t\t\t\t<\/div>\n\t\t\t\t<div class=\"elementor-element elementor-element-e2b88da elementor-widget-divider--view-line elementor-widget elementor-widget-divider\" data-id=\"e2b88da\" data-element_type=\"widget\" data-widget_type=\"divider.default\">\n\t\t\t\t<div class=\"elementor-widget-container\">\n\t\t\t<style>\/*! elementor - v3.22.0 - 26-06-2024 *\/\n.elementor-widget-divider{--divider-border-style:none;--divider-border-width:1px;--divider-color:#0c0d0e;--divider-icon-size:20px;--divider-element-spacing:10px;--divider-pattern-height:24px;--divider-pattern-size:20px;--divider-pattern-url:none;--divider-pattern-repeat:repeat-x}.elementor-widget-divider .elementor-divider{display:flex}.elementor-widget-divider .elementor-divider__text{font-size:15px;line-height:1;max-width:95%}.elementor-widget-divider .elementor-divider__element{margin:0 var(--divider-element-spacing);flex-shrink:0}.elementor-widget-divider .elementor-icon{font-size:var(--divider-icon-size)}.elementor-widget-divider .elementor-divider-separator{display:flex;margin:0;direction:ltr}.elementor-widget-divider--view-line_icon .elementor-divider-separator,.elementor-widget-divider--view-line_text .elementor-divider-separator{align-items:center}.elementor-widget-divider--view-line_icon .elementor-divider-separator:after,.elementor-widget-divider--view-line_icon .elementor-divider-separator:before,.elementor-widget-divider--view-line_text .elementor-divider-separator:after,.elementor-widget-divider--view-line_text .elementor-divider-separator:before{display:block;content:\"\";border-block-end:0;flex-grow:1;border-block-start:var(--divider-border-width) var(--divider-border-style) var(--divider-color)}.elementor-widget-divider--element-align-left .elementor-divider .elementor-divider-separator>.elementor-divider__svg:first-of-type{flex-grow:0;flex-shrink:100}.elementor-widget-divider--element-align-left .elementor-divider-separator:before{content:none}.elementor-widget-divider--element-align-left .elementor-divider__element{margin-left:0}.elementor-widget-divider--element-align-right .elementor-divider .elementor-divider-separator>.elementor-divider__svg:last-of-type{flex-grow:0;flex-shrink:100}.elementor-widget-divider--element-align-right .elementor-divider-separator:after{content:none}.elementor-widget-divider--element-align-right .elementor-divider__element{margin-right:0}.elementor-widget-divider--element-align-start .elementor-divider .elementor-divider-separator>.elementor-divider__svg:first-of-type{flex-grow:0;flex-shrink:100}.elementor-widget-divider--element-align-start .elementor-divider-separator:before{content:none}.elementor-widget-divider--element-align-start .elementor-divider__element{margin-inline-start:0}.elementor-widget-divider--element-align-end .elementor-divider .elementor-divider-separator>.elementor-divider__svg:last-of-type{flex-grow:0;flex-shrink:100}.elementor-widget-divider--element-align-end .elementor-divider-separator:after{content:none}.elementor-widget-divider--element-align-end .elementor-divider__element{margin-inline-end:0}.elementor-widget-divider:not(.elementor-widget-divider--view-line_text):not(.elementor-widget-divider--view-line_icon) .elementor-divider-separator{border-block-start:var(--divider-border-width) var(--divider-border-style) var(--divider-color)}.elementor-widget-divider--separator-type-pattern{--divider-border-style:none}.elementor-widget-divider--separator-type-pattern.elementor-widget-divider--view-line .elementor-divider-separator,.elementor-widget-divider--separator-type-pattern:not(.elementor-widget-divider--view-line) .elementor-divider-separator:after,.elementor-widget-divider--separator-type-pattern:not(.elementor-widget-divider--view-line) .elementor-divider-separator:before,.elementor-widget-divider--separator-type-pattern:not([class*=elementor-widget-divider--view]) .elementor-divider-separator{width:100%;min-height:var(--divider-pattern-height);-webkit-mask-size:var(--divider-pattern-size) 100%;mask-size:var(--divider-pattern-size) 100%;-webkit-mask-repeat:var(--divider-pattern-repeat);mask-repeat:var(--divider-pattern-repeat);background-color:var(--divider-color);-webkit-mask-image:var(--divider-pattern-url);mask-image:var(--divider-pattern-url)}.elementor-widget-divider--no-spacing{--divider-pattern-size:auto}.elementor-widget-divider--bg-round{--divider-pattern-repeat:round}.rtl .elementor-widget-divider .elementor-divider__text{direction:rtl}.e-con-inner>.elementor-widget-divider,.e-con>.elementor-widget-divider{width:var(--container-widget-width,100%);--flex-grow:var(--container-widget-flex-grow)}<\/style>\t\t<div class=\"elementor-divider\">\n\t\t\t<span class=\"elementor-divider-separator\">\n\t\t\t\t\t\t<\/span>\n\t\t<\/div>\n\t\t\t\t<\/div>\n\t\t\t\t<\/div>\n\t\t\t\t\t<\/div>\n\t\t<\/div>\n\t\t\t\t\t<\/div>\n\t\t<\/section>\n\t\t\t\t<section data-particle_enable=\"false\" data-particle-mobile-disabled=\"false\" class=\"elementor-section elementor-top-section elementor-element elementor-element-2c0233f elementor-section-boxed elementor-section-height-default elementor-section-height-default\" data-id=\"2c0233f\" data-element_type=\"section\">\n\t\t\t\t\t\t<div class=\"elementor-container elementor-column-gap-default\">\n\t\t\t\t\t<div class=\"elementor-column elementor-col-100 elementor-top-column elementor-element elementor-element-f614cba\" data-id=\"f614cba\" data-element_type=\"column\">\n\t\t\t<div class=\"elementor-widget-wrap elementor-element-populated\">\n\t\t\t\t\t\t<div class=\"elementor-element elementor-element-a8a5dc2 elementor-widget elementor-widget-text-editor\" data-id=\"a8a5dc2\" data-element_type=\"widget\" data-widget_type=\"text-editor.default\">\n\t\t\t\t<div class=\"elementor-widget-container\">\n\t\t\t<style>\/*! elementor - v3.22.0 - 26-06-2024 *\/\n.elementor-widget-text-editor.elementor-drop-cap-view-stacked .elementor-drop-cap{background-color:#69727d;color:#fff}.elementor-widget-text-editor.elementor-drop-cap-view-framed .elementor-drop-cap{color:#69727d;border:3px solid;background-color:transparent}.elementor-widget-text-editor:not(.elementor-drop-cap-view-default) .elementor-drop-cap{margin-top:8px}.elementor-widget-text-editor:not(.elementor-drop-cap-view-default) .elementor-drop-cap-letter{width:1em;height:1em}.elementor-widget-text-editor .elementor-drop-cap{float:left;text-align:center;line-height:1;font-size:50px}.elementor-widget-text-editor .elementor-drop-cap-letter{display:inline-block}<\/style>\t\t\t\t<p style=\"text-align: left;\">\"\u6d77\u3001\u9752\u306e\u5bfe\u8a71 \"\u306f\u30012025\u5e74\u5927\u962a\u4e07\u535a\u3078\u306e\u30dd\u30eb\u30c8\u30ac\u30eb\u306e\u53c2\u52a0\u306e\u30e2\u30c3\u30c8\u30fc\u3067\u3042\u308a\u3001\u6d77\u3068\u306e\u6df1\u3044\u3064\u306a\u304c\u308a\u3068\u3001\u3088\u308a\u6301\u7d9a\u53ef\u80fd\u306a\u672a\u6765\u3078\u306e\u30b3\u30df\u30c3\u30c8\u30e1\u30f3\u30c8\u3092\u53cd\u6620\u3057\u3066\u3044\u308b\u3002\u30dd\u30eb\u30c8\u30ac\u30eb\u306e\u30d1\u30d3\u30ea\u30aa\u30f3\u306f\u3001\u65e5\u672c\u306e\u5efa\u7bc9\u5bb6\u30fb\u9688\u7814\u543e\u6c0f\u304c\u8a2d\u8a08\u3057\u305f\u8c61\u5fb4\u7684\u306a\u4f5c\u54c1\u3067\u3042\u308b\u3002<br><br><\/p><p style=\"text-align: left;\">184\u65e5\u9593\u3001\"Empowering Lives \"\u30be\u30fc\u30f3\u306b\u4f4d\u7f6e\u3059\u308b\u3053\u306e\u30b9\u30da\u30fc\u30b9\u3067\u306f\u3001\u30dd\u30eb\u30c8\u30ac\u30eb\u3068\u65e5\u672c\u306e\u6b74\u53f2\u7684\u30fb\u73fe\u4ee3\u7684\u95a2\u4fc2\u3092\u63a2\u6c42\u3059\u308b\u6ca1\u5165\u7684\u3067\u30c0\u30a4\u30ca\u30df\u30c3\u30af\u306a\u4f53\u9a13\u304c\u3067\u304d\u308b\u3002<br><br><\/p><p style=\"text-align: left;\">2025\u5e74\u5927\u962a\u4e07\u535a\u3078\u306e\u30dd\u30eb\u30c8\u30ac\u30eb\u306e\u53c2\u52a0\u306b\u3064\u3044\u3066\u306e\u8a73\u7d30\u306f\u3001\u4ee5\u4e0b\u306e\u516c\u5f0f\u30a6\u30a7\u30d6\u30b5\u30a4\u30c8\u3092\u3054\u89a7\u304f\u3060\u3055\u3044\u3002 <a href=\"https:\/\/www.portugalexpo2025.pt\/\">&nbsp;www.portugalexpo2025.pt<\/a>.<\/p>\t\t\t\t\t\t<\/div>\n\t\t\t\t<\/div>\n\t\t\t\t\t<\/div>\n\t\t<\/div>\n\t\t\t\t\t<\/div>\n\t\t<\/section>\n\t\t\t\t<\/div>","protected":false},"excerpt":{"rendered":"<p>Pavilh\u00e3o de Portugal \u201cOceano, Di\u00e1logo Azul\u201d \u00e9 o mote da participa\u00e7\u00e3o de Portugal na Expo Osaka 2025, refletindo a sua profunda liga\u00e7\u00e3o ao mar e o compromisso com um futuro mais sustent\u00e1vel. No cora\u00e7\u00e3o desta participa\u00e7\u00e3o est\u00e1 o Pavilh\u00e3o de Portugal, uma obra ic\u00f3nica projetada pelo arquiteto japon\u00eas Kengo Kuma. Durante 184 dias, este espa\u00e7o localizado na zona \u201cEmpowering Lives\u201d, proporcionar\u00e1 uma experi\u00eancia imersiva e din\u00e2mica, que explorar\u00e1 a rela\u00e7\u00e3o hist\u00f3rica e contempor\u00e2nea entre Portugal e o Jap\u00e3o. Para mais informa\u00e7\u00f5es sobre a participa\u00e7\u00e3o de Portugal na EXPO Osaka 2025, visite o site oficial em &nbsp;www.portugalexpo2025.pt.<\/p>","protected":false},"author":13,"featured_media":0,"parent":0,"menu_order":0,"comment_status":"closed","ping_status":"closed","template":"","meta":{"footnotes":""},"class_list":["post-6686","page","type-page","status-publish","hentry"],"_links":{"self":[{"href":"https:\/\/expo2025.unl.pt\/ja\/wp-json\/wp\/v2\/pages\/6686","targetHints":{"allow":["GET"]}}],"collection":[{"href":"https:\/\/expo2025.unl.pt\/ja\/wp-json\/wp\/v2\/pages"}],"about":[{"href":"https:\/\/expo2025.unl.pt\/ja\/wp-json\/wp\/v2\/types\/page"}],"author":[{"embeddable":true,"href":"https:\/\/expo2025.unl.pt\/ja\/wp-json\/wp\/v2\/users\/13"}],"replies":[{"embeddable":true,"href":"https:\/\/expo2025.unl.pt\/ja\/wp-json\/wp\/v2\/comments?post=6686"}],"version-history":[{"count":43,"href":"https:\/\/expo2025.unl.pt\/ja\/wp-json\/wp\/v2\/pages\/6686\/revisions"}],"predecessor-version":[{"id":7609,"href":"https:\/\/expo2025.unl.pt\/ja\/wp-json\/wp\/v2\/pages\/6686\/revisions\/7609"}],"wp:attachment":[{"href":"https:\/\/expo2025.unl.pt\/ja\/wp-json\/wp\/v2\/media?parent=6686"}],"curies":[{"name":"wp","href":"https:\/\/api.w.org\/{rel}","templated":true}]}}