{"id":6692,"date":"2025-02-11T13:17:07","date_gmt":"2025-02-11T13:17:07","guid":{"rendered":"https:\/\/expo2025.unl.pt\/?page_id=6692"},"modified":"2025-03-31T09:31:00","modified_gmt":"2025-03-31T09:31:00","slug":"site-oficial","status":"publish","type":"page","link":"https:\/\/expo2025.unl.pt\/ja\/site-oficial\/","title":{"rendered":"\u516c\u5f0f\u30b5\u30a4\u30c8"},"content":{"rendered":"<div data-elementor-type=\"wp-page\" data-elementor-id=\"6692\" class=\"elementor elementor-6692\" data-elementor-post-type=\"page\">\n\t\t\t\t\t\t<section data-particle_enable=\"false\" data-particle-mobile-disabled=\"false\" class=\"elementor-section elementor-top-section elementor-element elementor-element-bdb4dd1 elementor-section-boxed elementor-section-height-default elementor-section-height-default\" data-id=\"bdb4dd1\" data-element_type=\"section\">\n\t\t\t\t\t\t<div class=\"elementor-container elementor-column-gap-default\">\n\t\t\t\t\t<div class=\"elementor-column elementor-col-100 elementor-top-column elementor-element elementor-element-2797258\" data-id=\"2797258\" data-element_type=\"column\">\n\t\t\t<div class=\"elementor-widget-wrap elementor-element-populated\">\n\t\t\t\t\t\t<div class=\"elementor-element elementor-element-8e8489f elementor-widget elementor-widget-image\" data-id=\"8e8489f\" data-element_type=\"widget\" data-widget_type=\"image.default\">\n\t\t\t\t<div class=\"elementor-widget-container\">\n\t\t\t<style>\/*! elementor - v3.22.0 - 26-06-2024 *\/\n.elementor-widget-image{text-align:center}.elementor-widget-image a{display:inline-block}.elementor-widget-image a img[src$=\".svg\"]{width:48px}.elementor-widget-image img{vertical-align:middle;display:inline-block}<\/style>\t\t\t\t\t\t\t<figure class=\"wp-caption\">\n\t\t\t\t\t\t\t\t\t\t<img fetchpriority=\"high\" decoding=\"async\" width=\"800\" height=\"344\" src=\"https:\/\/expo2025.unl.pt\/wp-content\/uploads\/2025\/02\/Expo-2025-e1740595750467-1024x440.png\" class=\"attachment-large size-large wp-image-7008\" alt=\"Imagem Expo 2025\" srcset=\"https:\/\/expo2025.unl.pt\/wp-content\/uploads\/2025\/02\/Expo-2025-e1740595750467-1024x440.png 1024w, https:\/\/expo2025.unl.pt\/wp-content\/uploads\/2025\/02\/Expo-2025-e1740595750467-300x129.png 300w, https:\/\/expo2025.unl.pt\/wp-content\/uploads\/2025\/02\/Expo-2025-e1740595750467-768x330.png 768w, https:\/\/expo2025.unl.pt\/wp-content\/uploads\/2025\/02\/Expo-2025-e1740595750467-1536x660.png 1536w, https:\/\/expo2025.unl.pt\/wp-content\/uploads\/2025\/02\/Expo-2025-e1740595750467-18x8.png 18w, https:\/\/expo2025.unl.pt\/wp-content\/uploads\/2025\/02\/Expo-2025-e1740595750467.png 1600w\" sizes=\"(max-width: 800px) 100vw, 800px\" \/>\t\t\t\t\t\t\t\t\t\t\t<figcaption class=\"widget-image-caption wp-caption-text\"><\/figcaption>\n\t\t\t\t\t\t\t\t\t\t<\/figure>\n\t\t\t\t\t\t\t<\/div>\n\t\t\t\t<\/div>\n\t\t\t\t\t<\/div>\n\t\t<\/div>\n\t\t\t\t\t<\/div>\n\t\t<\/section>\n\t\t\t\t<section data-particle_enable=\"false\" data-particle-mobile-disabled=\"false\" class=\"elementor-section elementor-top-section elementor-element elementor-element-8808f2a elementor-section-boxed elementor-section-height-default elementor-section-height-default\" data-id=\"8808f2a\" data-element_type=\"section\">\n\t\t\t\t\t\t<div class=\"elementor-container elementor-column-gap-default\">\n\t\t\t\t\t<div class=\"elementor-column elementor-col-100 elementor-top-column elementor-element elementor-element-b683e97\" data-id=\"b683e97\" data-element_type=\"column\">\n\t\t\t<div class=\"elementor-widget-wrap elementor-element-populated\">\n\t\t\t\t\t\t<div class=\"elementor-element elementor-element-45fba60 elementor-widget elementor-widget-heading\" data-id=\"45fba60\" data-element_type=\"widget\" data-widget_type=\"heading.default\">\n\t\t\t\t<div class=\"elementor-widget-container\">\n\t\t\t<style>\/*! elementor - v3.22.0 - 26-06-2024 *\/\n.elementor-heading-title{padding:0;margin:0;line-height:1}.elementor-widget-heading .elementor-heading-title[class*=elementor-size-]>a{color:inherit;font-size:inherit;line-height:inherit}.elementor-widget-heading .elementor-heading-title.elementor-size-small{font-size:15px}.elementor-widget-heading .elementor-heading-title.elementor-size-medium{font-size:19px}.elementor-widget-heading .elementor-heading-title.elementor-size-large{font-size:29px}.elementor-widget-heading .elementor-heading-title.elementor-size-xl{font-size:39px}.elementor-widget-heading .elementor-heading-title.elementor-size-xxl{font-size:59px}<\/style><h1 class=\"elementor-heading-title elementor-size-default\">2025\u5e74\u56fd\u969b\u535a\u89a7\u4f1a\u516c\u5f0f\u30a6\u30a7\u30d6\u30b5\u30a4\u30c8<\/h1>\t\t<\/div>\n\t\t\t\t<\/div>\n\t\t\t\t<div class=\"elementor-element elementor-element-5e4b770 elementor-widget-divider--view-line elementor-widget elementor-widget-divider\" data-id=\"5e4b770\" data-element_type=\"widget\" data-widget_type=\"divider.default\">\n\t\t\t\t<div class=\"elementor-widget-container\">\n\t\t\t<style>\/*! elementor - v3.22.0 - 26-06-2024 *\/\n.elementor-widget-divider{--divider-border-style:none;--divider-border-width:1px;--divider-color:#0c0d0e;--divider-icon-size:20px;--divider-element-spacing:10px;--divider-pattern-height:24px;--divider-pattern-size:20px;--divider-pattern-url:none;--divider-pattern-repeat:repeat-x}.elementor-widget-divider .elementor-divider{display:flex}.elementor-widget-divider .elementor-divider__text{font-size:15px;line-height:1;max-width:95%}.elementor-widget-divider .elementor-divider__element{margin:0 var(--divider-element-spacing);flex-shrink:0}.elementor-widget-divider .elementor-icon{font-size:var(--divider-icon-size)}.elementor-widget-divider .elementor-divider-separator{display:flex;margin:0;direction:ltr}.elementor-widget-divider--view-line_icon .elementor-divider-separator,.elementor-widget-divider--view-line_text .elementor-divider-separator{align-items:center}.elementor-widget-divider--view-line_icon .elementor-divider-separator:after,.elementor-widget-divider--view-line_icon .elementor-divider-separator:before,.elementor-widget-divider--view-line_text .elementor-divider-separator:after,.elementor-widget-divider--view-line_text .elementor-divider-separator:before{display:block;content:\"\";border-block-end:0;flex-grow:1;border-block-start:var(--divider-border-width) var(--divider-border-style) var(--divider-color)}.elementor-widget-divider--element-align-left .elementor-divider .elementor-divider-separator>.elementor-divider__svg:first-of-type{flex-grow:0;flex-shrink:100}.elementor-widget-divider--element-align-left .elementor-divider-separator:before{content:none}.elementor-widget-divider--element-align-left .elementor-divider__element{margin-left:0}.elementor-widget-divider--element-align-right .elementor-divider .elementor-divider-separator>.elementor-divider__svg:last-of-type{flex-grow:0;flex-shrink:100}.elementor-widget-divider--element-align-right .elementor-divider-separator:after{content:none}.elementor-widget-divider--element-align-right .elementor-divider__element{margin-right:0}.elementor-widget-divider--element-align-start .elementor-divider .elementor-divider-separator>.elementor-divider__svg:first-of-type{flex-grow:0;flex-shrink:100}.elementor-widget-divider--element-align-start .elementor-divider-separator:before{content:none}.elementor-widget-divider--element-align-start .elementor-divider__element{margin-inline-start:0}.elementor-widget-divider--element-align-end .elementor-divider .elementor-divider-separator>.elementor-divider__svg:last-of-type{flex-grow:0;flex-shrink:100}.elementor-widget-divider--element-align-end .elementor-divider-separator:after{content:none}.elementor-widget-divider--element-align-end .elementor-divider__element{margin-inline-end:0}.elementor-widget-divider:not(.elementor-widget-divider--view-line_text):not(.elementor-widget-divider--view-line_icon) .elementor-divider-separator{border-block-start:var(--divider-border-width) var(--divider-border-style) var(--divider-color)}.elementor-widget-divider--separator-type-pattern{--divider-border-style:none}.elementor-widget-divider--separator-type-pattern.elementor-widget-divider--view-line .elementor-divider-separator,.elementor-widget-divider--separator-type-pattern:not(.elementor-widget-divider--view-line) .elementor-divider-separator:after,.elementor-widget-divider--separator-type-pattern:not(.elementor-widget-divider--view-line) .elementor-divider-separator:before,.elementor-widget-divider--separator-type-pattern:not([class*=elementor-widget-divider--view]) .elementor-divider-separator{width:100%;min-height:var(--divider-pattern-height);-webkit-mask-size:var(--divider-pattern-size) 100%;mask-size:var(--divider-pattern-size) 100%;-webkit-mask-repeat:var(--divider-pattern-repeat);mask-repeat:var(--divider-pattern-repeat);background-color:var(--divider-color);-webkit-mask-image:var(--divider-pattern-url);mask-image:var(--divider-pattern-url)}.elementor-widget-divider--no-spacing{--divider-pattern-size:auto}.elementor-widget-divider--bg-round{--divider-pattern-repeat:round}.rtl .elementor-widget-divider .elementor-divider__text{direction:rtl}.e-con-inner>.elementor-widget-divider,.e-con>.elementor-widget-divider{width:var(--container-widget-width,100%);--flex-grow:var(--container-widget-flex-grow)}<\/style>\t\t<div class=\"elementor-divider\">\n\t\t\t<span class=\"elementor-divider-separator\">\n\t\t\t\t\t\t<\/span>\n\t\t<\/div>\n\t\t\t\t<\/div>\n\t\t\t\t<\/div>\n\t\t\t\t\t<\/div>\n\t\t<\/div>\n\t\t\t\t\t<\/div>\n\t\t<\/section>\n\t\t\t\t<section data-particle_enable=\"false\" data-particle-mobile-disabled=\"false\" class=\"elementor-section elementor-top-section elementor-element elementor-element-2c0d90c elementor-section-boxed elementor-section-height-default elementor-section-height-default\" data-id=\"2c0d90c\" data-element_type=\"section\">\n\t\t\t\t\t\t<div class=\"elementor-container elementor-column-gap-default\">\n\t\t\t\t\t<div class=\"elementor-column elementor-col-100 elementor-top-column elementor-element elementor-element-27e9e1f\" data-id=\"27e9e1f\" data-element_type=\"column\">\n\t\t\t<div class=\"elementor-widget-wrap elementor-element-populated\">\n\t\t\t\t\t\t<div class=\"elementor-element elementor-element-cafeb4c elementor-widget elementor-widget-text-editor\" data-id=\"cafeb4c\" data-element_type=\"widget\" data-widget_type=\"text-editor.default\">\n\t\t\t\t<div class=\"elementor-widget-container\">\n\t\t\t<style>\/*! elementor - v3.22.0 - 26-06-2024 *\/\n.elementor-widget-text-editor.elementor-drop-cap-view-stacked .elementor-drop-cap{background-color:#69727d;color:#fff}.elementor-widget-text-editor.elementor-drop-cap-view-framed .elementor-drop-cap{color:#69727d;border:3px solid;background-color:transparent}.elementor-widget-text-editor:not(.elementor-drop-cap-view-default) .elementor-drop-cap{margin-top:8px}.elementor-widget-text-editor:not(.elementor-drop-cap-view-default) .elementor-drop-cap-letter{width:1em;height:1em}.elementor-widget-text-editor .elementor-drop-cap{float:left;text-align:center;line-height:1;font-size:50px}.elementor-widget-text-editor .elementor-drop-cap-letter{display:inline-block}<\/style>\t\t\t\t<p style=\"text-align: left;\">2025\u5e744\u670813\u65e5\u304b\u308910\u670813\u65e5\u307e\u3067\u3001\u5927\u962a\u6e7e\u306b\u6d6e\u304b\u3076\u4eba\u5de5\u5cf6\u30fb\u5922\u6d32\u3067\u300c2025\u5e74\u56fd\u969b\u535a\u89a7\u4f1a\u300d\u304c\u958b\u50ac\u3055\u308c\u308b\u30025\u5e74\u306b\u4e00\u5ea6\u958b\u50ac\u3055\u308c\u308b\u3053\u306e\u56fd\u969b\u30a4\u30d9\u30f3\u30c8\u306f\u3001\u300c\u304f\u3089\u3057\u306e\u672a\u6765\u793e\u4f1a\u306e\u30c7\u30b6\u30a4\u30f3\u300d\u3092\u30e1\u30a4\u30f3\u30c6\u30fc\u30de\u3068\u3057\u3001\u300c\u304f\u3089\u3057\u3092\u6551\u3046\u300d\u300c\u304f\u3089\u3057\u306b\u529b\u3092\u4e0e\u3048\u308b\u300d\u300c\u304f\u3089\u3057\u3092\u3064\u306a\u3050\u300d\u3068\u3044\u30463\u3064\u306e\u57fa\u672c\u30b5\u30d6\u30c6\u30fc\u30de\u3092\u8ef8\u306b\u5c55\u958b\u3055\u308c\u308b\u3002<\/p><p style=\"text-align: left;\">158\u30ab\u56fd\u30689\u3064\u306e\u56fd\u969b\u6a5f\u95a2\u304c\u53c2\u52a0\u3057\u3001184\u65e5\u9593\u306e\u4f1a\u671f\u4e2d\u306b\u7d042,800\u4e07\u4eba\u306e\u6765\u5834\u8005\u3092\u898b\u8fbc\u3093\u3067\u3044\u308b\u3002<\/p><p style=\"text-align: left;\">\u8a73\u3057\u304f\u306f <a href=\"https:\/\/www.expo2025.or.jp\/en\/\">2025\u5e74\u5927\u962a\u4e07\u535a\u516c\u5f0f\u30b5\u30a4\u30c8<\/a><\/p>\t\t\t\t\t\t<\/div>\n\t\t\t\t<\/div>\n\t\t\t\t\t<\/div>\n\t\t<\/div>\n\t\t\t\t\t<\/div>\n\t\t<\/section>\n\t\t\t\t<\/div>","protected":false},"excerpt":{"rendered":"<p>Site Oficial Expo 2025 A Expo 2025 realizar-se-\u00e1 em Osaka, Jap\u00e3o, de 13 de abril a 13 de outubro de 2025, na ilha artificial de Yumeshima, situada na Ba\u00eda de Osaka. Este evento internacional, que ocorre a cada cinco anos, ter\u00e1 como tema principal &#8220;Projetar a Sociedade Futura para as Nossas Vidas&#8221;, desenvolvendo-se em torno de tr\u00eas subtemas fundamentais: &#8220;Salvar Vidas&#8221;, &#8220;Capacitar Vidas&#8221; e &#8220;Conectar Vidas&#8221;. O evento contar\u00e1 com a participa\u00e7\u00e3o de 158 pa\u00edses e 9 organiza\u00e7\u00f5es internacionais, esperando atrair cerca de 28 milh\u00f5es de visitantes ao longo dos 184 dias de exposi\u00e7\u00e3o. Para mais informa\u00e7\u00f5es, consulte o site oficial da Expo 2025 Osaka<\/p>","protected":false},"author":13,"featured_media":0,"parent":0,"menu_order":0,"comment_status":"closed","ping_status":"closed","template":"","meta":{"footnotes":""},"class_list":["post-6692","page","type-page","status-publish","hentry"],"_links":{"self":[{"href":"https:\/\/expo2025.unl.pt\/ja\/wp-json\/wp\/v2\/pages\/6692","targetHints":{"allow":["GET"]}}],"collection":[{"href":"https:\/\/expo2025.unl.pt\/ja\/wp-json\/wp\/v2\/pages"}],"about":[{"href":"https:\/\/expo2025.unl.pt\/ja\/wp-json\/wp\/v2\/types\/page"}],"author":[{"embeddable":true,"href":"https:\/\/expo2025.unl.pt\/ja\/wp-json\/wp\/v2\/users\/13"}],"replies":[{"embeddable":true,"href":"https:\/\/expo2025.unl.pt\/ja\/wp-json\/wp\/v2\/comments?post=6692"}],"version-history":[{"count":55,"href":"https:\/\/expo2025.unl.pt\/ja\/wp-json\/wp\/v2\/pages\/6692\/revisions"}],"predecessor-version":[{"id":7606,"href":"https:\/\/expo2025.unl.pt\/ja\/wp-json\/wp\/v2\/pages\/6692\/revisions\/7606"}],"wp:attachment":[{"href":"https:\/\/expo2025.unl.pt\/ja\/wp-json\/wp\/v2\/media?parent=6692"}],"curies":[{"name":"wp","href":"https:\/\/api.w.org\/{rel}","templated":true}]}}